{"id":50710,"date":"2020-04-19T21:07:57","date_gmt":"2020-04-19T21:07:57","guid":{"rendered":"https:\/\/www.lanak.es\/?page_id=50710"},"modified":"2024-04-26T10:59:13","modified_gmt":"2024-04-26T09:59:13","slug":"inicio","status":"publish","type":"page","link":"https:\/\/www.lanak.es\/","title":{"rendered":"Inicio"},"content":{"rendered":"<p>[vc_row row_type=\u00bbrow\u00bb use_row_as_full_screen_section=\u00bbno\u00bb type=\u00bbgrid\u00bb oblique_section=\u00bbno\u00bb text_align=\u00bbleft\u00bb triangle_shape=\u00bbno\u00bb padding_top=\u00bb73&#8243; css_animation=\u00bb\u00bb box_shadow_on_row=\u00bbno\u00bb][vc_column][vc_column_text]<\/p>\n<h2 style=\"text-align: center;\">QUI\u00c9NES SOMOS<\/h2>\n<p>[\/vc_column_text][vc_separator type=\u00bbsmall\u00bb position=\u00bbcenter\u00bb border_style=\u00bbdotted\u00bb up=\u00bb24&#8243;][vc_column_text]<\/p>\n<p style=\"text-align: justify;\"><span style=\"font-weight: 400; color: #000000;\">Talento es una de las palabras m\u00e1s importantes de la gesti\u00f3n empresarial de los \u00faltimos a\u00f1os. En GRUPO LANAK llevamos 16 a\u00f1os trabajando junto a las empresas ayud\u00e1ndoles en aquellas decisiones relacionadas con la gesti\u00f3n del talento.\u00a0<\/span><\/p>\n<p>&nbsp;<\/p>\n<p style=\"text-align: justify;\"><span style=\"font-weight: 400; color: #000000;\">Una amplia y contrastada experiencia en soluciones de trabajo temporal, reclutamiento y selecci\u00f3n, externalizaci\u00f3n de funciones, formaci\u00f3n y acompa\u00f1amiento a la estrategia de desarrollo de personas. Porque en GRUPO LANAK entendemos el talento porque nos dirigimos persona a persona.<\/span><\/p>\n<p>[\/vc_column_text][\/vc_column][\/vc_row][vc_row row_type=\u00bbrow\u00bb use_row_as_full_screen_section=\u00bbno\u00bb type=\u00bbgrid\u00bb oblique_section=\u00bbno\u00bb text_align=\u00bbcenter\u00bb triangle_shape=\u00bbno\u00bb padding_top=\u00bb25&#8243; padding_bottom=\u00bb45&#8243; css_animation=\u00bb\u00bb box_shadow_on_row=\u00bbno\u00bb][vc_column width=\u00bb1\/3&#8243;]<div class='image_hover ' style='' data-transition-delay=''><div class='images_holder'><a href='http:\/\/www.lanakett.es' target='_blank'><img class='active_image ' src='https:\/\/www.lanak.es\/wp-content\/uploads\/2020\/05\/Lanak_Grupo_tunel_logos_1A.png' alt='Image' style='' \/><img class='hover_image' src='https:\/\/www.lanak.es\/wp-content\/uploads\/2020\/05\/Lanak_Grupo_tunel_logos_1B.png' alt='Image' style='' \/><\/a><\/div><\/div>[\/vc_column][vc_column width=\u00bb1\/3&#8243;]<div class='image_hover ' style='' data-transition-delay=''><div class='images_holder'><a href='http:\/\/www.akilan.es' target='_blank'><img class='active_image ' src='https:\/\/www.lanak.es\/wp-content\/uploads\/2020\/04\/Lanak_Grupo_tunel_logos_LOGOS_3A.jpg' alt='Image' style='' \/><img class='hover_image' src='https:\/\/www.lanak.es\/wp-content\/uploads\/2020\/04\/Lanak_Grupo_tunel_logos_LOGOS_3B.jpg' alt='Image' style='' \/><\/a><\/div><\/div>[\/vc_column][vc_column width=\u00bb1\/3&#8243;]<div class='image_hover ' style='' data-transition-delay=''><div class='images_holder'><a href='http:\/\/www.qualisconsultores.es' target='_blank'><img class='active_image ' src='https:\/\/www.lanak.es\/wp-content\/uploads\/2020\/05\/Lanak_Grupo_tunel_logos_LOGOS_4A.png' alt='Image' style='' \/><img class='hover_image' src='https:\/\/www.lanak.es\/wp-content\/uploads\/2020\/05\/Lanak_Grupo_tunel_logos_LOGOS_4B.png' alt='Image' style='' \/><\/a><\/div><\/div>[\/vc_column][\/vc_row][vc_row row_type=\u00bbrow\u00bb use_row_as_full_screen_section=\u00bbno\u00bb type=\u00bbgrid\u00bb oblique_section=\u00bbno\u00bb text_align=\u00bbleft\u00bb triangle_shape=\u00bbyes\u00bb triangle_shape_position=\u00bbtop\u00bb triangle_shape_color=\u00bb#ffffff\u00bb background_image=\u00bb22&#8243; padding_bottom=\u00bb25&#8243; css_animation=\u00bb\u00bb box_shadow_on_row=\u00bbno\u00bb][vc_column][vc_separator type=\u00bbtransparent\u00bb up=\u00bb75&#8243;][vc_column_text]<\/p>\n<h2 style=\"text-align: center;\"><span style=\"color: #ffffff;\">CONTACTO<\/span><\/h2>\n<p>[\/vc_column_text][vc_separator type=\u00bbsmall\u00bb position=\u00bbcenter\u00bb color=\u00bb#ffffff\u00bb border_style=\u00bbdotted\u00bb up=\u00bb24&#8243;][vc_column_text]<\/p>\n<p style=\"text-align: center;\"><span style=\"color: #ffffff;\">Escr\u00edbenos y te ofreceremos m\u00e1s informaci\u00f3n sobre nuestros servicios.<\/span><\/p>\n<p>[\/vc_column_text][vc_separator type=\u00bbtransparent\u00bb up=\u00bb20&#8243;]\n<div class=\"wpcf7 no-js\" id=\"wpcf7-f13-o1\" lang=\"es-ES\" dir=\"ltr\" data-wpcf7-id=\"13\">\n<div class=\"screen-reader-response\"><p role=\"status\" aria-live=\"polite\" aria-atomic=\"true\"><\/p> <ul><\/ul><\/div>\n<form action=\"\/index.php\/wp-json\/wp\/v2\/pages\/50710#wpcf7-f13-o1\" method=\"post\" class=\"wpcf7-form init cf7_custom_style_3\" aria-label=\"Formulario de contacto\" enctype=\"multipart\/form-data\" novalidate=\"novalidate\" data-status=\"init\">\n<fieldset class=\"hidden-fields-container\"><input type=\"hidden\" name=\"_wpcf7\" value=\"13\" \/><input type=\"hidden\" name=\"_wpcf7_version\" value=\"6.1.5\" \/><input type=\"hidden\" name=\"_wpcf7_locale\" value=\"es_ES\" \/><input type=\"hidden\" name=\"_wpcf7_unit_tag\" value=\"wpcf7-f13-o1\" \/><input type=\"hidden\" name=\"_wpcf7_container_post\" value=\"0\" \/><input type=\"hidden\" name=\"_wpcf7_posted_data_hash\" value=\"\" \/>\n<\/fieldset>\n<p><span id=\"wpcf7-69fb1c5a06cb1-wrapper\" class=\"wpcf7-form-control-wrap webmailgl-wrap\" style=\"display:none !important; visibility:hidden !important;\"><label for=\"wpcf7-69fb1c5a06cb1-field\" class=\"hp-message\">Por favor, deja este campo vac\u00edo.<\/label><input id=\"wpcf7-69fb1c5a06cb1-field\"  class=\"wpcf7-form-control wpcf7-text\" type=\"text\" name=\"webmailgl\" value=\"\" size=\"40\" tabindex=\"-1\" autocomplete=\"new-password\" \/><\/span>\n<\/p>\n<div class=\"two_columns_50_50 clearfix\">\n\t<div class=\"column1\">\n\t\t<div class=\"column_inner\">\n\t\t\t<p><span class=\"wpcf7-form-control-wrap\" data-name=\"your-name\"><input size=\"40\" maxlength=\"400\" class=\"wpcf7-form-control wpcf7-text wpcf7-validates-as-required\" aria-required=\"true\" aria-invalid=\"false\" placeholder=\"Nombre*\" value=\"\" type=\"text\" name=\"your-name\" \/><\/span>\n\t\t\t<\/p>\n\t\t<\/div>\n\t<\/div>\n\t<div class=\"column2\">\n\t\t<div class=\"column_inner\">\n\t\t\t<p><span class=\"wpcf7-form-control-wrap\" data-name=\"your-email\"><input size=\"40\" maxlength=\"400\" class=\"wpcf7-form-control wpcf7-email wpcf7-validates-as-required wpcf7-text wpcf7-validates-as-email\" aria-required=\"true\" aria-invalid=\"false\" placeholder=\"Correo electr\u00f3nico*\" value=\"\" type=\"email\" name=\"your-email\" \/><\/span>\n\t\t\t<\/p>\n\t\t<\/div>\n\t<\/div>\n<\/div>\n<p><span class=\"wpcf7-form-control-wrap\" data-name=\"message\"><textarea cols=\"40\" rows=\"10\" maxlength=\"2000\" class=\"wpcf7-form-control wpcf7-textarea wpcf7-validates-as-required\" aria-required=\"true\" aria-invalid=\"false\" placeholder=\"Mensaje*\" name=\"message\"><\/textarea><\/span>\n<\/p>\n<p><span class=\"wpcf7-form-control-wrap\" data-name=\"file-155\"><input size=\"40\" class=\"wpcf7-form-control wpcf7-file\" accept=\".pdf,.doc,.docx,.txt\" aria-invalid=\"false\" type=\"file\" name=\"file-155\" \/><\/span>\n<\/p>\n<p><span style=\"color: #ffffff;\"><span class=\"wpcf7-form-control-wrap\" data-name=\"MayordeEdad\"><span class=\"wpcf7-form-control wpcf7-acceptance\"><span class=\"wpcf7-list-item\"><label><input type=\"checkbox\" name=\"MayordeEdad\" value=\"1\" aria-invalid=\"false\" \/><span class=\"wpcf7-list-item-label\">Soy mayor de edad<\/span><\/label><\/span><\/span><\/span><br \/>\n<span class=\"wpcf7-form-control-wrap\" data-name=\"infocomercial\"><span class=\"wpcf7-form-control wpcf7-acceptance optional\"><span class=\"wpcf7-list-item\"><input type=\"checkbox\" name=\"infocomercial\" value=\"1\" aria-invalid=\"false\" \/><\/span><\/span><\/span> Acepto recibir informaci\u00f3n comercial, incluso por correo electr\u00f3nico <br \/>\n<span class=\"wpcf7-form-control-wrap\" data-name=\"aceptoprivacidad\"><span class=\"wpcf7-form-control wpcf7-acceptance\"><span class=\"wpcf7-list-item\"><input type=\"checkbox\" name=\"aceptoprivacidad\" value=\"1\" aria-invalid=\"false\" \/><\/span><\/span><\/span> He le\u00eddo y acepto la <\/span><a href=\"index.php\/politica-de-privacidad\">Pol\u00edtica de Privacidad<\/a>\n<\/p>\n<p><input class=\"wpcf7-form-control wpcf7-submit has-spinner\" type=\"submit\" value=\"ENVIAR\" \/>\n<\/p><p style=\"display: none !important;\" class=\"akismet-fields-container\" data-prefix=\"_wpcf7_ak_\"><label>&#916;<textarea name=\"_wpcf7_ak_hp_textarea\" cols=\"45\" rows=\"8\" maxlength=\"100\"><\/textarea><\/label><input type=\"hidden\" id=\"ak_js_1\" name=\"_wpcf7_ak_js\" value=\"67\"\/><script type=\"text\/javascript\">\n\/* <![CDATA[ *\/\ndocument.getElementById( \"ak_js_1\" ).setAttribute( \"value\", ( new Date() ).getTime() );\n\/* ]]> *\/\n<\/script>\n<\/p><div class=\"wpcf7-response-output\" aria-hidden=\"true\"><\/div>\n<\/form>\n<\/div>\n[vc_separator type=\u00bbtransparent\u00bb up=\u00bb75&#8243;][\/vc_column][\/vc_row]<\/p>\n","protected":false},"excerpt":{"rendered":"<p>[vc_row row_type=\u00bbrow\u00bb use_row_as_full_screen_section=\u00bbno\u00bb type=\u00bbgrid\u00bb oblique_section=\u00bbno\u00bb text_align=\u00bbleft\u00bb triangle_shape=\u00bbno\u00bb padding_top=\u00bb73&#8243; css_animation=\u00bb\u00bb box_shadow_on_row=\u00bbno\u00bb][vc_column][vc_column_text] QUI\u00c9NES SOMOS [\/vc_column_text][vc_separator type=\u00bbsmall\u00bb position=\u00bbcenter\u00bb border_style=\u00bbdotted\u00bb up=\u00bb24&#8243;][vc_column_text] Talento es una de las palabras m\u00e1s importantes de la gesti\u00f3n empresarial de los \u00faltimos a\u00f1os. En GRUPO LANAK llevamos 16 a\u00f1os trabajando junto a las empresas ayud\u00e1ndoles&#8230;<\/p>\n","protected":false},"author":1,"featured_media":0,"parent":0,"menu_order":0,"comment_status":"closed","ping_status":"closed","template":"full_width.php","meta":{"footnotes":""},"class_list":["post-50710","page","type-page","status-publish","hentry"],"_links":{"self":[{"href":"https:\/\/www.lanak.es\/index.php\/wp-json\/wp\/v2\/pages\/50710","targetHints":{"allow":["GET"]}}],"collection":[{"href":"https:\/\/www.lanak.es\/index.php\/wp-json\/wp\/v2\/pages"}],"about":[{"href":"https:\/\/www.lanak.es\/index.php\/wp-json\/wp\/v2\/types\/page"}],"author":[{"embeddable":true,"href":"https:\/\/www.lanak.es\/index.php\/wp-json\/wp\/v2\/users\/1"}],"replies":[{"embeddable":true,"href":"https:\/\/www.lanak.es\/index.php\/wp-json\/wp\/v2\/comments?post=50710"}],"version-history":[{"count":44,"href":"https:\/\/www.lanak.es\/index.php\/wp-json\/wp\/v2\/pages\/50710\/revisions"}],"predecessor-version":[{"id":67634,"href":"https:\/\/www.lanak.es\/index.php\/wp-json\/wp\/v2\/pages\/50710\/revisions\/67634"}],"wp:attachment":[{"href":"https:\/\/www.lanak.es\/index.php\/wp-json\/wp\/v2\/media?parent=50710"}],"curies":[{"name":"wp","href":"https:\/\/api.w.org\/{rel}","templated":true}]}}